{"id":530,"date":"2022-08-25T15:22:21","date_gmt":"2022-08-25T15:22:21","guid":{"rendered":"http:\/\/aventurasspanishschool.com\/?page_id=530"},"modified":"2023-08-10T23:32:19","modified_gmt":"2023-08-10T23:32:19","slug":"oportunidad-de-empleo","status":"publish","type":"page","link":"https:\/\/aventurasspanishschool.com\/en\/oportunidad-de-empleo\/","title":{"rendered":"Job opportunity"},"content":{"rendered":"<div data-elementor-type=\"wp-page\" data-elementor-id=\"530\" class=\"elementor elementor-530\" data-elementor-post-type=\"page\">\n\t\t\t\t\t\t<section class=\"elementor-section elementor-top-section elementor-element elementor-element-784bfb9 elementor-section-boxed elementor-section-height-default elementor-section-height-default\" data-id=\"784bfb9\" data-element_type=\"section\" data-settings=\"{&quot;background_background&quot;:&quot;classic&quot;,&quot;shape_divider_bottom&quot;:&quot;waves&quot;}\">\n\t\t\t\t\t\t\t<div class=\"elementor-background-overlay\"><\/div>\n\t\t\t\t\t\t<div class=\"elementor-shape elementor-shape-bottom\" data-negative=\"false\">\n\t\t\t<svg xmlns=\"http:\/\/www.w3.org\/2000\/svg\" viewbox=\"0 0 1000 100\" preserveaspectratio=\"none\">\n\t<path class=\"elementor-shape-fill\" d=\"M421.9,6.5c22.6-2.5,51.5,0.4,75.5,5.3c23.6,4.9,70.9,23.5,100.5,35.7c75.8,32.2,133.7,44.5,192.6,49.7\tc23.6,2.1,48.7,3.5,103.4-2.5c54.7-6,106.2-25.6,106.2-25.6V0H0v30.3c0,0,72,32.6,158.4,30.5c39.2-0.7,92.8-6.7,134-22.4\tc21.2-8.1,52.2-18.2,79.7-24.2C399.3,7.9,411.6,7.5,421.9,6.5z\"\/>\n<\/svg>\t\t<\/div>\n\t\t\t\t\t<div class=\"elementor-container elementor-column-gap-default\">\n\t\t\t\t\t<div class=\"elementor-column elementor-col-100 elementor-top-column elementor-element elementor-element-377729d\" data-id=\"377729d\" data-element_type=\"column\">\n\t\t\t<div class=\"elementor-widget-wrap elementor-element-populated\">\n\t\t\t\t\t\t<div class=\"elementor-element elementor-element-030ce29 elementor-widget__width-initial elementor-widget elementor-widget-heading\" data-id=\"030ce29\" data-element_type=\"widget\" data-widget_type=\"heading.default\">\n\t\t\t\t<div class=\"elementor-widget-container\">\n\t\t\t\t\t<h1 class=\"elementor-heading-title elementor-size-default\">Job opportunity<\/h1>\t\t\t\t<\/div>\n\t\t\t\t<\/div>\n\t\t\t\t\t<\/div>\n\t\t<\/div>\n\t\t\t\t\t<\/div>\n\t\t<\/section>\n\t\t\t\t<section class=\"elementor-section elementor-top-section elementor-element elementor-element-4e2c9c1 elementor-section-boxed elementor-section-height-default elementor-section-height-default\" data-id=\"4e2c9c1\" data-element_type=\"section\">\n\t\t\t\t\t\t<div class=\"elementor-container elementor-column-gap-default\">\n\t\t\t\t\t<div class=\"elementor-column elementor-col-100 elementor-top-column elementor-element elementor-element-cf0a5da\" data-id=\"cf0a5da\" data-element_type=\"column\">\n\t\t\t<div class=\"elementor-widget-wrap elementor-element-populated\">\n\t\t\t\t\t\t<section class=\"elementor-section elementor-inner-section elementor-element elementor-element-6a7135d elementor-section-boxed elementor-section-height-default elementor-section-height-default\" data-id=\"6a7135d\" data-element_type=\"section\">\n\t\t\t\t\t\t<div class=\"elementor-container elementor-column-gap-default\">\n\t\t\t\t\t<div class=\"elementor-column elementor-col-50 elementor-inner-column elementor-element elementor-element-e491928\" data-id=\"e491928\" data-element_type=\"column\">\n\t\t\t<div class=\"elementor-widget-wrap elementor-element-populated\">\n\t\t\t\t\t\t<div class=\"elementor-element elementor-element-62b449d elementor-widget elementor-widget-image\" data-id=\"62b449d\" data-element_type=\"widget\" data-widget_type=\"image.default\">\n\t\t\t\t<div class=\"elementor-widget-container\">\n\t\t\t\t\t\t\t\t\t\t\t\t\t\t\t<img fetchpriority=\"high\" decoding=\"async\" width=\"800\" height=\"535\" src=\"https:\/\/aventurasspanishschool.com\/wp-content\/uploads\/2023\/08\/Imagen-de-WhatsApp-2023-08-10-a-las-12.19.46-1024x685.jpg\" class=\"attachment-large size-large wp-image-1356\" alt=\"\" srcset=\"https:\/\/aventurasspanishschool.com\/wp-content\/uploads\/2023\/08\/Imagen-de-WhatsApp-2023-08-10-a-las-12.19.46-1024x685.jpg 1024w, https:\/\/aventurasspanishschool.com\/wp-content\/uploads\/2023\/08\/Imagen-de-WhatsApp-2023-08-10-a-las-12.19.46-300x201.jpg 300w, https:\/\/aventurasspanishschool.com\/wp-content\/uploads\/2023\/08\/Imagen-de-WhatsApp-2023-08-10-a-las-12.19.46-768x514.jpg 768w, https:\/\/aventurasspanishschool.com\/wp-content\/uploads\/2023\/08\/Imagen-de-WhatsApp-2023-08-10-a-las-12.19.46-1536x1028.jpg 1536w, https:\/\/aventurasspanishschool.com\/wp-content\/uploads\/2023\/08\/Imagen-de-WhatsApp-2023-08-10-a-las-12.19.46-18x12.jpg 18w, https:\/\/aventurasspanishschool.com\/wp-content\/uploads\/2023\/08\/Imagen-de-WhatsApp-2023-08-10-a-las-12.19.46.jpg 2048w\" sizes=\"(max-width: 800px) 100vw, 800px\" \/>\t\t\t\t\t\t\t\t\t\t\t\t\t\t\t<\/div>\n\t\t\t\t<\/div>\n\t\t\t\t\t<\/div>\n\t\t<\/div>\n\t\t\t\t<div class=\"elementor-column elementor-col-50 elementor-inner-column elementor-element elementor-element-dbb744b\" data-id=\"dbb744b\" data-element_type=\"column\">\n\t\t\t<div class=\"elementor-widget-wrap elementor-element-populated\">\n\t\t\t\t\t\t<div class=\"elementor-element elementor-element-16b0395 elementor-widget elementor-widget-heading\" data-id=\"16b0395\" data-element_type=\"widget\" data-widget_type=\"heading.default\">\n\t\t\t\t<div class=\"elementor-widget-container\">\n\t\t\t\t\t<h2 class=\"elementor-heading-title elementor-size-default\">Apply today and join the great Aventuras family!<\/h2>\t\t\t\t<\/div>\n\t\t\t\t<\/div>\n\t\t\t\t<div class=\"elementor-element elementor-element-955130b elementor-widget-divider--view-line elementor-widget elementor-widget-divider\" data-id=\"955130b\" data-element_type=\"widget\" data-widget_type=\"divider.default\">\n\t\t\t\t<div class=\"elementor-widget-container\">\n\t\t\t\t\t\t\t<div class=\"elementor-divider\">\n\t\t\t<span class=\"elementor-divider-separator\">\n\t\t\t\t\t\t<\/span>\n\t\t<\/div>\n\t\t\t\t\t\t<\/div>\n\t\t\t\t<\/div>\n\t\t\t\t<div class=\"elementor-element elementor-element-7e1ce3f elementor-widget elementor-widget-text-editor\" data-id=\"7e1ce3f\" data-element_type=\"widget\" data-widget_type=\"text-editor.default\">\n\t\t\t\t<div class=\"elementor-widget-container\">\n\t\t\t\t\t\t\t\t\tPlease note that to work with us we require:\t\t\t\t\t\t\t\t<\/div>\n\t\t\t\t<\/div>\n\t\t\t\t<div class=\"elementor-element elementor-element-414157e elementor-icon-list--layout-traditional elementor-list-item-link-full_width elementor-widget elementor-widget-icon-list\" data-id=\"414157e\" data-element_type=\"widget\" data-widget_type=\"icon-list.default\">\n\t\t\t\t<div class=\"elementor-widget-container\">\n\t\t\t\t\t\t\t<ul class=\"elementor-icon-list-items\">\n\t\t\t\t\t\t\t<li class=\"elementor-icon-list-item\">\n\t\t\t\t\t\t\t\t\t\t\t<span class=\"elementor-icon-list-icon\">\n\t\t\t\t\t\t\t<svg xmlns=\"http:\/\/www.w3.org\/2000\/svg\" width=\"28\" height=\"28\" viewbox=\"0 0 28 28\" fill=\"none\"><path d=\"M14 28C21.732 28 28 21.732 28 14C28 6.26801 21.732 0 14 0C6.26801 0 0 6.26801 0 14C0 21.732 6.26801 28 14 28Z\" fill=\"#32BA7C\"><\/path><path d=\"M10.4229 20.3155L17.6216 27.5142C23.5837 25.9243 28.0001 20.4921 28.0001 14C28.0001 13.8675 28.0001 13.735 28.0001 13.6025L22.3471 8.39117L10.4229 20.3155Z\" fill=\"#0AA06E\"><\/path><path d=\"M14.3535 17.1357C14.9718 17.754 14.9718 18.8139 14.3535 19.4322L13.0727 20.7129C12.4544 21.3312 11.3945 21.3312 10.7762 20.7129L5.16734 15.0599C4.54904 14.4416 4.54904 13.3817 5.16734 12.7634L6.44809 11.4827C7.06639 10.8644 8.12633 10.8644 8.74462 11.4827L14.3535 17.1357Z\" fill=\"white\"><\/path><path d=\"M19.2555 7.3754C19.8738 6.75711 20.9337 6.75711 21.552 7.3754L22.8328 8.65616C23.4511 9.27446 23.4511 10.3344 22.8328 10.9527L13.1167 20.6246C12.4984 21.2429 11.4385 21.2429 10.8202 20.6246L9.53941 19.3439C8.92111 18.7256 8.92111 17.6656 9.53941 17.0473L19.2555 7.3754Z\" fill=\"white\"><\/path><\/svg>\t\t\t\t\t\t<\/span>\n\t\t\t\t\t\t\t\t\t\t<span class=\"elementor-icon-list-text\">Authorization to work in the United States.<\/span>\n\t\t\t\t\t\t\t\t\t<\/li>\n\t\t\t\t\t\t\t\t<li class=\"elementor-icon-list-item\">\n\t\t\t\t\t\t\t\t\t\t\t<span class=\"elementor-icon-list-icon\">\n\t\t\t\t\t\t\t<svg xmlns=\"http:\/\/www.w3.org\/2000\/svg\" width=\"28\" height=\"28\" viewbox=\"0 0 28 28\" fill=\"none\"><path d=\"M14 28C21.732 28 28 21.732 28 14C28 6.26801 21.732 0 14 0C6.26801 0 0 6.26801 0 14C0 21.732 6.26801 28 14 28Z\" fill=\"#32BA7C\"><\/path><path d=\"M10.4229 20.3155L17.6216 27.5142C23.5837 25.9243 28.0001 20.4921 28.0001 14C28.0001 13.8675 28.0001 13.735 28.0001 13.6025L22.3471 8.39117L10.4229 20.3155Z\" fill=\"#0AA06E\"><\/path><path d=\"M14.3535 17.1357C14.9718 17.754 14.9718 18.8139 14.3535 19.4322L13.0727 20.7129C12.4544 21.3312 11.3945 21.3312 10.7762 20.7129L5.16734 15.0599C4.54904 14.4416 4.54904 13.3817 5.16734 12.7634L6.44809 11.4827C7.06639 10.8644 8.12633 10.8644 8.74462 11.4827L14.3535 17.1357Z\" fill=\"white\"><\/path><path d=\"M19.2555 7.3754C19.8738 6.75711 20.9337 6.75711 21.552 7.3754L22.8328 8.65616C23.4511 9.27446 23.4511 10.3344 22.8328 10.9527L13.1167 20.6246C12.4984 21.2429 11.4385 21.2429 10.8202 20.6246L9.53941 19.3439C8.92111 18.7256 8.92111 17.6656 9.53941 17.0473L19.2555 7.3754Z\" fill=\"white\"><\/path><\/svg>\t\t\t\t\t\t<\/span>\n\t\t\t\t\t\t\t\t\t\t<span class=\"elementor-icon-list-text\">Vaccination against COVID.<\/span>\n\t\t\t\t\t\t\t\t\t<\/li>\n\t\t\t\t\t\t\t\t<li class=\"elementor-icon-list-item\">\n\t\t\t\t\t\t\t\t\t\t\t<span class=\"elementor-icon-list-icon\">\n\t\t\t\t\t\t\t<svg xmlns=\"http:\/\/www.w3.org\/2000\/svg\" width=\"28\" height=\"28\" viewbox=\"0 0 28 28\" fill=\"none\"><path d=\"M14 28C21.732 28 28 21.732 28 14C28 6.26801 21.732 0 14 0C6.26801 0 0 6.26801 0 14C0 21.732 6.26801 28 14 28Z\" fill=\"#32BA7C\"><\/path><path d=\"M10.4229 20.3155L17.6216 27.5142C23.5837 25.9243 28.0001 20.4921 28.0001 14C28.0001 13.8675 28.0001 13.735 28.0001 13.6025L22.3471 8.39117L10.4229 20.3155Z\" fill=\"#0AA06E\"><\/path><path d=\"M14.3535 17.1357C14.9718 17.754 14.9718 18.8139 14.3535 19.4322L13.0727 20.7129C12.4544 21.3312 11.3945 21.3312 10.7762 20.7129L5.16734 15.0599C4.54904 14.4416 4.54904 13.3817 5.16734 12.7634L6.44809 11.4827C7.06639 10.8644 8.12633 10.8644 8.74462 11.4827L14.3535 17.1357Z\" fill=\"white\"><\/path><path d=\"M19.2555 7.3754C19.8738 6.75711 20.9337 6.75711 21.552 7.3754L22.8328 8.65616C23.4511 9.27446 23.4511 10.3344 22.8328 10.9527L13.1167 20.6246C12.4984 21.2429 11.4385 21.2429 10.8202 20.6246L9.53941 19.3439C8.92111 18.7256 8.92111 17.6656 9.53941 17.0473L19.2555 7.3754Z\" fill=\"white\"><\/path><\/svg>\t\t\t\t\t\t<\/span>\n\t\t\t\t\t\t\t\t\t\t<span class=\"elementor-icon-list-text\">Compliance with state background checks.<\/span>\n\t\t\t\t\t\t\t\t\t<\/li>\n\t\t\t\t\t\t\t\t<li class=\"elementor-icon-list-item\">\n\t\t\t\t\t\t\t\t\t\t\t<span class=\"elementor-icon-list-icon\">\n\t\t\t\t\t\t\t<svg xmlns=\"http:\/\/www.w3.org\/2000\/svg\" width=\"28\" height=\"28\" viewbox=\"0 0 28 28\" fill=\"none\"><path d=\"M14 28C21.732 28 28 21.732 28 14C28 6.26801 21.732 0 14 0C6.26801 0 0 6.26801 0 14C0 21.732 6.26801 28 14 28Z\" fill=\"#32BA7C\"><\/path><path d=\"M10.4229 20.3155L17.6216 27.5142C23.5837 25.9243 28.0001 20.4921 28.0001 14C28.0001 13.8675 28.0001 13.735 28.0001 13.6025L22.3471 8.39117L10.4229 20.3155Z\" fill=\"#0AA06E\"><\/path><path d=\"M14.3535 17.1357C14.9718 17.754 14.9718 18.8139 14.3535 19.4322L13.0727 20.7129C12.4544 21.3312 11.3945 21.3312 10.7762 20.7129L5.16734 15.0599C4.54904 14.4416 4.54904 13.3817 5.16734 12.7634L6.44809 11.4827C7.06639 10.8644 8.12633 10.8644 8.74462 11.4827L14.3535 17.1357Z\" fill=\"white\"><\/path><path d=\"M19.2555 7.3754C19.8738 6.75711 20.9337 6.75711 21.552 7.3754L22.8328 8.65616C23.4511 9.27446 23.4511 10.3344 22.8328 10.9527L13.1167 20.6246C12.4984 21.2429 11.4385 21.2429 10.8202 20.6246L9.53941 19.3439C8.92111 18.7256 8.92111 17.6656 9.53941 17.0473L19.2555 7.3754Z\" fill=\"white\"><\/path><\/svg>\t\t\t\t\t\t<\/span>\n\t\t\t\t\t\t\t\t\t\t<span class=\"elementor-icon-list-text\">Passion, desire to learn and continually improve in the area of \u200b\u200beducation.<\/span>\n\t\t\t\t\t\t\t\t\t<\/li>\n\t\t\t\t\t\t<\/ul>\n\t\t\t\t\t\t<\/div>\n\t\t\t\t<\/div>\n\t\t\t\t<div class=\"elementor-element elementor-element-0b825bf elementor-align-left elementor-widget elementor-widget-button\" data-id=\"0b825bf\" data-element_type=\"widget\" data-widget_type=\"button.default\">\n\t\t\t\t<div class=\"elementor-widget-container\">\n\t\t\t\t\t\t\t\t\t<div class=\"elementor-button-wrapper\">\n\t\t\t\t\t<a class=\"elementor-button elementor-button-link elementor-size-sm elementor-animation-float\" href=\"mailto:aventuraspanishschool@hotmail.com\">\n\t\t\t\t\t\t<span class=\"elementor-button-content-wrapper\">\n\t\t\t\t\t\t\t\t\t<span class=\"elementor-button-text\">apply here<\/span>\n\t\t\t\t\t<\/span>\n\t\t\t\t\t<\/a>\n\t\t\t\t<\/div>\n\t\t\t\t\t\t\t\t<\/div>\n\t\t\t\t<\/div>\n\t\t\t\t<div class=\"elementor-element elementor-element-748a06f elementor-widget elementor-widget-text-editor\" data-id=\"748a06f\" data-element_type=\"widget\" data-widget_type=\"text-editor.default\">\n\t\t\t\t<div class=\"elementor-widget-container\">\n\t\t\t\t\t\t\t\t\t<p>If you have any questions about meeting these requirements, please contact us.<\/p>\t\t\t\t\t\t\t\t<\/div>\n\t\t\t\t<\/div>\n\t\t\t\t\t<\/div>\n\t\t<\/div>\n\t\t\t\t\t<\/div>\n\t\t<\/section>\n\t\t\t\t\t<\/div>\n\t\t<\/div>\n\t\t\t\t\t<\/div>\n\t\t<\/section>\n\t\t\t\t<\/div>","protected":false},"excerpt":{"rendered":"<p>Oportunidad de empleo \u00a1Aplica hoy y \u00fanete a la gran familia de Aventuras! Tenga en cuenta que para trabajar con nosotros requerimos: Autorizaci\u00f3n para trabajar en los Estados Unidos. Vacunaci\u00f3n contra el COVID. Cumplimiento con las verificaciones de antecedentes estatales. Pasi\u00f3n, deseo de aprender y mejorar continuamente en el \u00e1rea de educaci\u00f3n. Aplica aqu\u00ed Si [&hellip;]<\/p>","protected":false},"author":1,"featured_media":0,"parent":0,"menu_order":0,"comment_status":"closed","ping_status":"closed","template":"","meta":{"footnotes":""},"class_list":["post-530","page","type-page","status-publish","hentry"],"_links":{"self":[{"href":"https:\/\/aventurasspanishschool.com\/en\/wp-json\/wp\/v2\/pages\/530","targetHints":{"allow":["GET"]}}],"collection":[{"href":"https:\/\/aventurasspanishschool.com\/en\/wp-json\/wp\/v2\/pages"}],"about":[{"href":"https:\/\/aventurasspanishschool.com\/en\/wp-json\/wp\/v2\/types\/page"}],"author":[{"embeddable":true,"href":"https:\/\/aventurasspanishschool.com\/en\/wp-json\/wp\/v2\/users\/1"}],"replies":[{"embeddable":true,"href":"https:\/\/aventurasspanishschool.com\/en\/wp-json\/wp\/v2\/comments?post=530"}],"version-history":[{"count":52,"href":"https:\/\/aventurasspanishschool.com\/en\/wp-json\/wp\/v2\/pages\/530\/revisions"}],"predecessor-version":[{"id":1359,"href":"https:\/\/aventurasspanishschool.com\/en\/wp-json\/wp\/v2\/pages\/530\/revisions\/1359"}],"wp:attachment":[{"href":"https:\/\/aventurasspanishschool.com\/en\/wp-json\/wp\/v2\/media?parent=530"}],"curies":[{"name":"wp","href":"https:\/\/api.w.org\/{rel}","templated":true}]}}