{"id":22,"date":"2022-08-21T15:47:49","date_gmt":"2022-08-21T15:47:49","guid":{"rendered":"http:\/\/aventurasspanishschool.com\/?page_id=22"},"modified":"2023-05-09T00:06:32","modified_gmt":"2023-05-09T00:06:32","slug":"contacto","status":"publish","type":"page","link":"https:\/\/aventurasspanishschool.com\/en\/contacto\/","title":{"rendered":"Contact"},"content":{"rendered":"<div data-elementor-type=\"wp-page\" data-elementor-id=\"22\" class=\"elementor elementor-22\" data-elementor-post-type=\"page\">\n\t\t\t\t\t\t<section class=\"elementor-section elementor-top-section elementor-element elementor-element-ac73f5a elementor-section-boxed elementor-section-height-default elementor-section-height-default\" data-id=\"ac73f5a\" data-element_type=\"section\" data-settings=\"{&quot;background_background&quot;:&quot;classic&quot;,&quot;shape_divider_bottom&quot;:&quot;waves&quot;}\">\n\t\t\t\t\t\t\t<div class=\"elementor-background-overlay\"><\/div>\n\t\t\t\t\t\t<div class=\"elementor-shape elementor-shape-bottom\" data-negative=\"false\">\n\t\t\t<svg xmlns=\"http:\/\/www.w3.org\/2000\/svg\" viewbox=\"0 0 1000 100\" preserveaspectratio=\"none\">\n\t<path class=\"elementor-shape-fill\" d=\"M421.9,6.5c22.6-2.5,51.5,0.4,75.5,5.3c23.6,4.9,70.9,23.5,100.5,35.7c75.8,32.2,133.7,44.5,192.6,49.7\tc23.6,2.1,48.7,3.5,103.4-2.5c54.7-6,106.2-25.6,106.2-25.6V0H0v30.3c0,0,72,32.6,158.4,30.5c39.2-0.7,92.8-6.7,134-22.4\tc21.2-8.1,52.2-18.2,79.7-24.2C399.3,7.9,411.6,7.5,421.9,6.5z\"\/>\n<\/svg>\t\t<\/div>\n\t\t\t\t\t<div class=\"elementor-container elementor-column-gap-default\">\n\t\t\t\t\t<div class=\"elementor-column elementor-col-100 elementor-top-column elementor-element elementor-element-5f68c50\" data-id=\"5f68c50\" data-element_type=\"column\">\n\t\t\t<div class=\"elementor-widget-wrap elementor-element-populated\">\n\t\t\t\t\t\t<div class=\"elementor-element elementor-element-411a9f6 elementor-widget__width-initial elementor-widget elementor-widget-heading\" data-id=\"411a9f6\" data-element_type=\"widget\" data-widget_type=\"heading.default\">\n\t\t\t\t<div class=\"elementor-widget-container\">\n\t\t\t\t\t<h1 class=\"elementor-heading-title elementor-size-default\">NEED HELP?<\/h1>\t\t\t\t<\/div>\n\t\t\t\t<\/div>\n\t\t\t\t\t<\/div>\n\t\t<\/div>\n\t\t\t\t\t<\/div>\n\t\t<\/section>\n\t\t\t\t<section class=\"elementor-section elementor-top-section elementor-element elementor-element-7d70a608 elementor-section-boxed elementor-section-height-default elementor-section-height-default\" data-id=\"7d70a608\" data-element_type=\"section\" data-settings=\"{&quot;background_background&quot;:&quot;classic&quot;}\">\n\t\t\t\t\t\t<div class=\"elementor-container elementor-column-gap-default\">\n\t\t\t\t\t<div class=\"elementor-column elementor-col-100 elementor-top-column elementor-element elementor-element-38ff741\" data-id=\"38ff741\" data-element_type=\"column\">\n\t\t\t<div class=\"elementor-widget-wrap elementor-element-populated\">\n\t\t\t\t\t\t<section class=\"elementor-section elementor-inner-section elementor-element elementor-element-4f909a05 get-in-touch-inner-section-sempiterno elementor-reverse-tablet elementor-reverse-mobile elementor-section-boxed elementor-section-height-default elementor-section-height-default elementor-invisible\" data-id=\"4f909a05\" data-element_type=\"section\" data-settings=\"{&quot;animation&quot;:&quot;fadeInUp&quot;}\">\n\t\t\t\t\t\t<div class=\"elementor-container elementor-column-gap-default\">\n\t\t\t\t\t<div class=\"elementor-column elementor-col-50 elementor-inner-column elementor-element elementor-element-302892dd\" data-id=\"302892dd\" data-element_type=\"column\">\n\t\t\t<div class=\"elementor-widget-wrap elementor-element-populated\">\n\t\t\t\t\t\t<div class=\"elementor-element elementor-element-23b47bda elementor-button-align-start elementor-widget__width-initial elementor-widget-mobile__width-initial elementor-widget elementor-widget-form\" data-id=\"23b47bda\" data-element_type=\"widget\" data-settings=\"{&quot;button_width&quot;:&quot;25&quot;,&quot;step_next_label&quot;:&quot;Next&quot;,&quot;step_previous_label&quot;:&quot;Previous&quot;,&quot;step_type&quot;:&quot;number_text&quot;,&quot;step_icon_shape&quot;:&quot;circle&quot;}\" data-widget_type=\"form.default\">\n\t\t\t\t<div class=\"elementor-widget-container\">\n\t\t\t\t\t\t\t<form class=\"elementor-form\" method=\"post\" name=\"Formulario de contacto\" action=\"\">\n\t\t\t<input type=\"hidden\" name=\"post_id\" value=\"22\"\/>\n\t\t\t<input type=\"hidden\" name=\"form_id\" value=\"23b47bda\"\/>\n\t\t\t<input type=\"hidden\" name=\"referer_title\" value=\"\" \/>\n\n\t\t\t\n\t\t\t<div class=\"elementor-form-fields-wrapper elementor-labels-above\">\n\t\t\t\t\t\t\t\t<div class=\"elementor-field-type-text elementor-field-group elementor-column elementor-field-group-name elementor-col-50 elementor-field-required elementor-mark-required\">\n\t\t\t\t\t\t\t\t\t\t\t\t<label for=\"form-field-name\" class=\"elementor-field-label\">\n\t\t\t\t\t\t\t\tName\t\t\t\t\t\t\t<\/label>\n\t\t\t\t\t\t\t\t\t\t\t\t\t\t<input size=\"1\" type=\"text\" name=\"form_fields[name]\" id=\"form-field-name\" class=\"elementor-field elementor-size-sm  elementor-field-textual\" placeholder=\"Mar\u00eda\" required=\"required\">\n\t\t\t\t\t\t\t\t\t\t\t<\/div>\n\t\t\t\t\t\t\t\t<div class=\"elementor-field-type-text elementor-field-group elementor-column elementor-field-group-field_1f224b5 elementor-col-50 elementor-field-required elementor-mark-required\">\n\t\t\t\t\t\t\t\t\t\t\t\t<label for=\"form-field-field_1f224b5\" class=\"elementor-field-label\">\n\t\t\t\t\t\t\t\tLast name\t\t\t\t\t\t\t<\/label>\n\t\t\t\t\t\t\t\t\t\t\t\t\t\t<input size=\"1\" type=\"text\" name=\"form_fields[field_1f224b5]\" id=\"form-field-field_1f224b5\" class=\"elementor-field elementor-size-sm  elementor-field-textual\" placeholder=\"Suarez\" required=\"required\">\n\t\t\t\t\t\t\t\t\t\t\t<\/div>\n\t\t\t\t\t\t\t\t<div class=\"elementor-field-type-email elementor-field-group elementor-column elementor-field-group-email elementor-col-100 elementor-field-required elementor-mark-required\">\n\t\t\t\t\t\t\t\t\t\t\t\t<label for=\"form-field-email\" class=\"elementor-field-label\">\n\t\t\t\t\t\t\t\tEmail\t\t\t\t\t\t\t<\/label>\n\t\t\t\t\t\t\t\t\t\t\t\t\t\t<input size=\"1\" type=\"email\" name=\"form_fields[email]\" id=\"form-field-email\" class=\"elementor-field elementor-size-sm  elementor-field-textual\" placeholder=\"maria@email.com\" required=\"required\">\n\t\t\t\t\t\t\t\t\t\t\t<\/div>\n\t\t\t\t\t\t\t\t<div class=\"elementor-field-type-tel elementor-field-group elementor-column elementor-field-group-field_5b98b5e elementor-col-100 elementor-field-required elementor-mark-required\">\n\t\t\t\t\t\t\t\t\t\t\t\t<label for=\"form-field-field_5b98b5e\" class=\"elementor-field-label\">\n\t\t\t\t\t\t\t\tPhone number\t\t\t\t\t\t\t<\/label>\n\t\t\t\t\t\t\t\t<input size=\"1\" type=\"tel\" name=\"form_fields[field_5b98b5e]\" id=\"form-field-field_5b98b5e\" class=\"elementor-field elementor-size-sm  elementor-field-textual\" placeholder=\"+1\" required=\"required\" pattern=\"[0-9()#&amp;+*-=.]+\" title=\"Only numbers and phone characters (#, -, *, etc) are accepted.\">\n\n\t\t\t\t\t\t<\/div>\n\t\t\t\t\t\t\t\t<div class=\"elementor-field-type-textarea elementor-field-group elementor-column elementor-field-group-message elementor-col-100 elementor-field-required elementor-mark-required\">\n\t\t\t\t\t\t\t\t\t\t\t\t<label for=\"form-field-message\" class=\"elementor-field-label\">\n\t\t\t\t\t\t\t\tWhat doubts do you have?\t\t\t\t\t\t\t<\/label>\n\t\t\t\t\t\t<textarea class=\"elementor-field-textual elementor-field  elementor-size-sm\" name=\"form_fields[message]\" id=\"form-field-message\" rows=\"3\" placeholder=\"Your message here\" required=\"required\"><\/textarea>\t\t\t\t<\/div>\n\t\t\t\t\t\t\t\t<div class=\"elementor-field-type-recaptcha_v3 elementor-field-group elementor-column elementor-field-group-field_ea6137d elementor-col-100 recaptcha_v3-bottomleft\">\n\t\t\t\t\t<div class=\"elementor-field\" id=\"form-field-field_ea6137d\"><div class=\"elementor-g-recaptcha\" data-sitekey=\"6Lc7y7shAAAAACMUWir02bz8yhKYvYhhXizX-wOO\" data-type=\"v3\" data-action=\"Form\" data-badge=\"bottomleft\" data-size=\"invisible\"><\/div><\/div>\t\t\t\t<\/div>\n\t\t\t\t\t\t\t\t<div class=\"elementor-field-group elementor-column elementor-field-type-submit elementor-col-25 e-form__buttons\">\n\t\t\t\t\t<button class=\"elementor-button elementor-size-md elementor-animation-float\" type=\"submit\">\n\t\t\t\t\t\t<span class=\"elementor-button-content-wrapper\">\n\t\t\t\t\t\t\t\t\t\t\t\t\t\t\t\t\t\t\t\t\t\t<span class=\"elementor-button-text\">Send<\/span>\n\t\t\t\t\t\t\t\t\t\t\t\t\t<\/span>\n\t\t\t\t\t<\/button>\n\t\t\t\t<\/div>\n\t\t\t<\/div>\n\t\t<input type=\"hidden\" name=\"trp-form-language\" value=\"en\"\/><\/form>\n\t\t\t\t\t\t<\/div>\n\t\t\t\t<\/div>\n\t\t\t\t\t<\/div>\n\t\t<\/div>\n\t\t\t\t<div class=\"elementor-column elementor-col-50 elementor-inner-column elementor-element elementor-element-401b05d2 col-1-sempiterno\" data-id=\"401b05d2\" data-element_type=\"column\" data-settings=\"{&quot;background_background&quot;:&quot;classic&quot;}\">\n\t\t\t<div class=\"elementor-widget-wrap elementor-element-populated\">\n\t\t\t\t\t\t<div class=\"elementor-element elementor-element-1d2adcf3 elementor-widget elementor-widget-heading\" data-id=\"1d2adcf3\" data-element_type=\"widget\" data-widget_type=\"heading.default\">\n\t\t\t\t<div class=\"elementor-widget-container\">\n\t\t\t\t\t<h2 class=\"elementor-heading-title elementor-size-default\">Contact us<\/h2>\t\t\t\t<\/div>\n\t\t\t\t<\/div>\n\t\t\t\t<div class=\"elementor-element elementor-element-41ce3d5 elementor-widget elementor-widget-text-editor\" data-id=\"41ce3d5\" data-element_type=\"widget\" data-widget_type=\"text-editor.default\">\n\t\t\t\t<div class=\"elementor-widget-container\">\n\t\t\t\t\t\t\t\t\t<p>If there is anything you would like to know about our program and curriculum, please contact us to schedule a tour or for more information.<\/p>\t\t\t\t\t\t\t\t<\/div>\n\t\t\t\t<\/div>\n\t\t\t\t<div class=\"elementor-element elementor-element-2b23350c elementor-tablet-align-left elementor-icon-list--layout-traditional elementor-list-item-link-full_width elementor-widget elementor-widget-icon-list\" data-id=\"2b23350c\" data-element_type=\"widget\" data-widget_type=\"icon-list.default\">\n\t\t\t\t<div class=\"elementor-widget-container\">\n\t\t\t\t\t\t\t<ul class=\"elementor-icon-list-items\">\n\t\t\t\t\t\t\t<li class=\"elementor-icon-list-item\">\n\t\t\t\t\t\t\t\t\t\t\t<a href=\"https:\/\/g.page\/r\/CUtOOZRtTyIHEA0\/\" target=\"_blank\">\n\n\t\t\t\t\t\t\t\t\t\t\t\t<span class=\"elementor-icon-list-icon\">\n\t\t\t\t\t\t\t<svg xmlns=\"http:\/\/www.w3.org\/2000\/svg\" width=\"25\" height=\"29\" viewbox=\"0 0 25 29\" fill=\"none\"><path d=\"M12.5 29C12.3325 29 12.1651 28.956 12.0154 28.8683C11.5248 28.5805 0 21.7164 0 12.5667C0 5.63712 5.60721 0 12.5 0C19.3928 0 25 5.63712 25 12.5667C25 21.7164 13.4752 28.5805 12.9846 28.8683C12.8349 28.956 12.6675 29 12.5 29ZM12.5 1.93333C6.66779 1.93333 1.92308 6.70335 1.92308 12.5667C1.92308 19.6236 10.3651 25.5181 12.5 26.8953C14.6349 25.5181 23.0769 19.6236 23.0769 12.5667C23.0769 6.70335 18.3322 1.93333 12.5 1.93333ZM12.5 18.3667C9.31875 18.3667 6.73077 15.7649 6.73077 12.5667C6.73077 9.36845 9.31875 6.76667 12.5 6.76667C15.6812 6.76667 18.2692 9.36845 18.2692 12.5667C18.2692 15.7649 15.6812 18.3667 12.5 18.3667ZM12.5 8.7C10.3793 8.7 8.65385 10.4347 8.65385 12.5667C8.65385 14.6986 10.3793 16.4333 12.5 16.4333C14.6207 16.4333 16.3462 14.6986 16.3462 12.5667C16.3462 10.4347 14.6207 8.7 12.5 8.7Z\" fill=\"#FFC000\"><\/path><\/svg>\t\t\t\t\t\t<\/span>\n\t\t\t\t\t\t\t\t\t\t<span class=\"elementor-icon-list-text\">1700 Whispering Cove Trl, Fort worth Tx 76134<\/span>\n\t\t\t\t\t\t\t\t\t\t\t<\/a>\n\t\t\t\t\t\t\t\t\t<\/li>\n\t\t\t\t\t\t\t\t<li class=\"elementor-icon-list-item\">\n\t\t\t\t\t\t\t\t\t\t\t<a href=\"mailto:aventuraspanishschool@hotmail.com\">\n\n\t\t\t\t\t\t\t\t\t\t\t\t<span class=\"elementor-icon-list-icon\">\n\t\t\t\t\t\t\t<svg xmlns=\"http:\/\/www.w3.org\/2000\/svg\" width=\"15\" height=\"11\" viewbox=\"0 0 15 11\" fill=\"none\"><path d=\"M12.6562 0H2.34375C1.05152 0 0 1.02816 0 2.29167V8.70833C0 9.97184 1.05152 11 2.34375 11H12.6562C13.9485 11 15 9.97184 15 8.70833V2.29167C15 1.02816 13.9485 0 12.6562 0ZM14.0625 8.70833C14.0625 9.46653 13.4317 10.0833 12.6562 10.0833H2.34375C1.56832 10.0833 0.9375 9.46653 0.9375 8.70833V2.29167C0.9375 1.53347 1.56832 0.916667 2.34375 0.916667H12.6562C13.4317 0.916667 14.0625 1.53347 14.0625 2.29167V8.70833ZM12.9877 2.61571L10.0378 5.5L12.9877 8.38429C13.1708 8.56339 13.1708 8.8534 12.9877 9.03238C12.8961 9.12187 12.7761 9.16667 12.6562 9.16667C12.5364 9.16667 12.4164 9.12187 12.3248 9.03238L9.375 6.14808L7.83141 7.65738C7.73988 7.74687 7.61988 7.79167 7.5 7.79167C7.38012 7.79167 7.26012 7.74687 7.16859 7.65738L5.625 6.14808L2.67516 9.03238C2.58363 9.12187 2.46363 9.16667 2.34375 9.16667C2.22387 9.16667 2.10387 9.12187 2.01234 9.03238C1.82918 8.85328 1.82918 8.56327 2.01234 8.38429L4.96219 5.5L2.01234 2.61571C1.82918 2.43661 1.82918 2.1466 2.01234 1.96763C2.19551 1.78865 2.49211 1.78853 2.67516 1.96763L7.5 6.68525L12.3248 1.96763C12.508 1.78853 12.8046 1.78853 12.9877 1.96763C13.1707 2.14672 13.1708 2.43673 12.9877 2.61571Z\" fill=\"#FFC000\"><\/path><\/svg>\t\t\t\t\t\t<\/span>\n\t\t\t\t\t\t\t\t\t\t<span class=\"elementor-icon-list-text\">aventuraspanishschool@hotmail.com<\/span>\n\t\t\t\t\t\t\t\t\t\t\t<\/a>\n\t\t\t\t\t\t\t\t\t<\/li>\n\t\t\t\t\t\t\t\t<li class=\"elementor-icon-list-item\">\n\t\t\t\t\t\t\t\t\t\t\t<a href=\"tel:+16825833116\">\n\n\t\t\t\t\t\t\t\t\t\t\t\t<span class=\"elementor-icon-list-icon\">\n\t\t\t\t\t\t\t<svg xmlns=\"http:\/\/www.w3.org\/2000\/svg\" width=\"28\" height=\"29\" viewbox=\"0 0 28 29\" fill=\"none\"><path d=\"M24.1186 3.75634C21.6961 1.33386 18.4752 -0.00013549 15.0495 1.03215e-08C14.4881 1.03215e-08 14.0332 0.45501 14.0332 1.01625C14.0332 1.57749 14.4882 2.0325 15.0495 2.0325C17.9324 2.03237 20.6428 3.15499 22.6814 5.19359C24.7201 7.23219 25.8427 9.94274 25.8426 12.8258C25.8426 13.387 26.2975 13.842 26.8588 13.842C27.4201 13.842 27.8751 13.387 27.8751 12.8259C27.8752 9.39979 26.5412 6.17881 24.1186 3.75634Z\" fill=\"#FFC000\"><\/path><path d=\"M19.9382 12.8259C19.9382 13.3872 20.3932 13.8422 20.9546 13.842C21.5158 13.842 21.9707 13.387 21.9707 12.8258C21.9704 9.01009 18.8655 5.90537 15.0496 5.90483C15.0495 5.90483 15.0496 5.90483 15.0495 5.90483C14.4882 5.90483 14.0333 6.35971 14.0332 6.92095C14.0332 7.48219 14.4881 7.9372 15.0493 7.93733C17.7448 7.93774 19.9379 10.1307 19.9382 12.8259Z\" fill=\"#FFC000\"><\/path><path d=\"M17.6897 18.0074C16.1407 17.9272 15.3515 19.0792 14.973 19.6326C14.6561 20.0959 14.7748 20.7283 15.2381 21.0452C15.7014 21.3621 16.3337 21.2434 16.6507 20.7802C17.0978 20.1264 17.3004 20.0235 17.5752 20.0365C18.4547 20.1399 21.9188 22.6784 22.2657 23.4722C22.3527 23.7059 22.3494 23.935 22.2561 24.2137C21.8924 25.2931 21.2903 26.0517 20.5147 26.4072C19.7779 26.745 18.8745 26.7144 17.9028 26.319C14.2745 24.8402 11.1047 22.7764 8.48137 20.1848C8.48028 20.1837 8.4792 20.1827 8.47825 20.1817C5.89209 17.561 3.83208 14.3951 2.35567 10.7724C1.96015 9.7999 1.92952 8.89639 2.26733 8.15967C2.62288 7.38407 3.38141 6.78204 4.45986 6.41877C4.73953 6.325 4.96825 6.32202 5.19982 6.4082C5.99643 6.7563 8.53475 10.2202 8.63719 11.0899C8.65183 11.375 8.54817 11.5774 7.89492 12.0237C7.43151 12.3403 7.31241 12.9726 7.62907 13.4361C7.9456 13.8995 8.57784 14.0184 9.04139 13.7019C9.59504 13.3239 10.7468 12.5369 10.6669 10.9826C10.5788 9.35899 7.42054 5.05943 5.91147 4.50455C5.24034 4.25442 4.53438 4.25008 3.81243 4.49236C2.18806 5.03937 1.0149 6.0147 0.41978 7.3128C-0.157451 8.57214 -0.139159 10.0332 0.473302 11.5389C2.05337 15.4158 4.26406 18.8081 7.04384 21.6218C7.05062 21.6287 7.05753 21.6354 7.06458 21.6421C9.87621 24.4167 13.2645 26.6233 17.1363 28.2015C17.9116 28.5168 18.6752 28.6747 19.4054 28.6747C20.0929 28.6747 20.7512 28.5348 21.3617 28.2549C22.66 27.6599 23.6352 26.4869 24.1826 24.8614C24.4243 24.1408 24.4204 23.4352 24.1722 22.7671C23.6154 21.254 19.3158 18.0958 17.6897 18.0074Z\" fill=\"#FFC000\"><\/path><\/svg>\t\t\t\t\t\t<\/span>\n\t\t\t\t\t\t\t\t\t\t<span class=\"elementor-icon-list-text\">+1 682 583 3116<\/span>\n\t\t\t\t\t\t\t\t\t\t\t<\/a>\n\t\t\t\t\t\t\t\t\t<\/li>\n\t\t\t\t\t\t\t\t<li class=\"elementor-icon-list-item\">\n\t\t\t\t\t\t\t\t\t\t\t<a href=\"https:\/\/www.facebook.com\/superaventureros\/\" target=\"_blank\">\n\n\t\t\t\t\t\t\t\t\t\t\t\t<span class=\"elementor-icon-list-icon\">\n\t\t\t\t\t\t\t<i aria-hidden=\"true\" class=\"fab fa-facebook-square\"><\/i>\t\t\t\t\t\t<\/span>\n\t\t\t\t\t\t\t\t\t\t<span class=\"elementor-icon-list-text\">Aventuras Spanish School<\/span>\n\t\t\t\t\t\t\t\t\t\t\t<\/a>\n\t\t\t\t\t\t\t\t\t<\/li>\n\t\t\t\t\t\t\t\t<li class=\"elementor-icon-list-item\">\n\t\t\t\t\t\t\t\t\t\t\t<a href=\"https:\/\/instagram.com\/superaventureros\/\" target=\"_blank\">\n\n\t\t\t\t\t\t\t\t\t\t\t\t<span class=\"elementor-icon-list-icon\">\n\t\t\t\t\t\t\t<i aria-hidden=\"true\" class=\"fab fa-instagram\"><\/i>\t\t\t\t\t\t<\/span>\n\t\t\t\t\t\t\t\t\t\t<span class=\"elementor-icon-list-text\">@superaventureros<\/span>\n\t\t\t\t\t\t\t\t\t\t\t<\/a>\n\t\t\t\t\t\t\t\t\t<\/li>\n\t\t\t\t\t\t<\/ul>\n\t\t\t\t\t\t<\/div>\n\t\t\t\t<\/div>\n\t\t\t\t\t<\/div>\n\t\t<\/div>\n\t\t\t\t\t<\/div>\n\t\t<\/section>\n\t\t\t\t\t<\/div>\n\t\t<\/div>\n\t\t\t\t\t<\/div>\n\t\t<\/section>\n\t\t\t\t<\/div>","protected":false},"excerpt":{"rendered":"<p>\u00bfNECESITAS AYUDA? Cont\u00e1ctanos Si hay algo que le gustar\u00eda saber sobre nuestro programa y plan de estudios, p\u00f3ngase en contacto con nosotros para programar un recorrido o para obtener m\u00e1s informaci\u00f3n. 1700 Whispering Cove Trl, Fort worth Tx 76134 aventuraspanishschool@hotmail.com +1 682 583 3116 Aventuras Spanish School @superaventureros<\/p>","protected":false},"author":1,"featured_media":0,"parent":0,"menu_order":0,"comment_status":"closed","ping_status":"closed","template":"","meta":{"footnotes":""},"class_list":["post-22","page","type-page","status-publish","hentry"],"_links":{"self":[{"href":"https:\/\/aventurasspanishschool.com\/en\/wp-json\/wp\/v2\/pages\/22","targetHints":{"allow":["GET"]}}],"collection":[{"href":"https:\/\/aventurasspanishschool.com\/en\/wp-json\/wp\/v2\/pages"}],"about":[{"href":"https:\/\/aventurasspanishschool.com\/en\/wp-json\/wp\/v2\/types\/page"}],"author":[{"embeddable":true,"href":"https:\/\/aventurasspanishschool.com\/en\/wp-json\/wp\/v2\/users\/1"}],"replies":[{"embeddable":true,"href":"https:\/\/aventurasspanishschool.com\/en\/wp-json\/wp\/v2\/comments?post=22"}],"version-history":[{"count":104,"href":"https:\/\/aventurasspanishschool.com\/en\/wp-json\/wp\/v2\/pages\/22\/revisions"}],"predecessor-version":[{"id":1292,"href":"https:\/\/aventurasspanishschool.com\/en\/wp-json\/wp\/v2\/pages\/22\/revisions\/1292"}],"wp:attachment":[{"href":"https:\/\/aventurasspanishschool.com\/en\/wp-json\/wp\/v2\/media?parent=22"}],"curies":[{"name":"wp","href":"https:\/\/api.w.org\/{rel}","templated":true}]}}